{"id":1316,"date":"2013-08-05T15:29:10","date_gmt":"2013-08-05T15:29:10","guid":{"rendered":"http:\/\/kerygma.targlets.com.ukwsp1.com\/?page_id=1316"},"modified":"2014-10-20T22:28:55","modified_gmt":"2014-10-20T20:28:55","slug":"dwarna","status":"publish","type":"page","link":"https:\/\/kerygma.org.mt\/mt\/dwarna\/","title":{"rendered":"Dwarna"},"content":{"rendered":"<p>Il-Moviment Ker\u0177gma huwa Moviment Dumnikan ta\u2019 laj\u010bi r\u0121iel u nisa ta\u2019 et\u00e0jiet varji; minn tfal sa adulti, affiljat mal-Provin\u010bja Dumnikana Maltija. Il-Moviment ja\u0127dem skont l-g\u0127an tieg\u0127u biex ja\u0127dem \u201c<strong>g\u0127al-impenn Kristjan fis-so\u010bjeta<\/strong>\u201d u jxandar il-bxara t-tajba fost id-diversi ferg\u0127at tieg\u0127u. l-Moviment Ker\u0177gma, fl-inizzjattivi u l-\u0127idmiet tieg\u0127u dejjem ja\u0127dem f\u2019g\u0127aqda s\u0127i\u0127a kif ispirat fit-Talba tal-Moviment<\/p>\n<div class=\"creativ-shortcode creativ-shortcode-pullleft creativ-shortcode-pullleft-colour-red\">\u201cSpirtu s-Santu nitolbuk tin\u017cel fina,<br \/>\nbiex turina xi trid minna,<br \/>\nsabiex b\u2019g\u0127emilna u \u0127idmietna<br \/>\ninwasslu l-bxara t-tajba<br \/>\nfl-ambjent ta\u2019 madwarna.<br \/>\nDawlilna mo\u0127\u0127na<br \/>\nbiex nag\u0127rfu nimpenjaw ru\u0127na<br \/>\nb\u0127ala nsara fis-so\u010bjet\u00e0.<br \/>\nBierek il-\u0127idma tag\u0127na,<br \/>\nibqa\u2019 mag\u0127na,<br \/>\nsabiex a\u0127na nkunu strumenti<br \/>\ntal-Bxara t-Tajba.\u201d<\/div>\n ","protected":false},"excerpt":{"rendered":"<p>Il-Moviment Ker\u0177gma huwa Moviment Dumnikan ta\u2019 laj\u010bi r\u0121iel u nisa ta\u2019 et\u00e0jiet varji; minn tfal sa adulti, affiljat mal-Provin\u010bja Dumnikana Maltija. Il-Moviment ja\u0127dem skont l-g\u0127an tieg\u0127u biex ja\u0127dem \u201cg\u0127al-impenn Kristjan <\/p>\n","protected":false},"author":1,"featured_media":0,"parent":0,"menu_order":0,"comment_status":"open","ping_status":"open","template":"page-leftsidebar.php","meta":{"footnotes":""},"_links":{"self":[{"href":"https:\/\/kerygma.org.mt\/mt\/wp-json\/wp\/v2\/pages\/1316"}],"collection":[{"href":"https:\/\/kerygma.org.mt\/mt\/wp-json\/wp\/v2\/pages"}],"about":[{"href":"https:\/\/kerygma.org.mt\/mt\/wp-json\/wp\/v2\/types\/page"}],"author":[{"embeddable":true,"href":"https:\/\/kerygma.org.mt\/mt\/wp-json\/wp\/v2\/users\/1"}],"replies":[{"embeddable":true,"href":"https:\/\/kerygma.org.mt\/mt\/wp-json\/wp\/v2\/comments?post=1316"}],"version-history":[{"count":5,"href":"https:\/\/kerygma.org.mt\/mt\/wp-json\/wp\/v2\/pages\/1316\/revisions"}],"predecessor-version":[{"id":3393,"href":"https:\/\/kerygma.org.mt\/mt\/wp-json\/wp\/v2\/pages\/1316\/revisions\/3393"}],"wp:attachment":[{"href":"https:\/\/kerygma.org.mt\/mt\/wp-json\/wp\/v2\/media?parent=1316"}],"curies":[{"name":"wp","href":"https:\/\/api.w.org\/{rel}","templated":true}]}}