{"id":1646,"date":"2013-09-14T20:08:01","date_gmt":"2013-09-14T18:08:01","guid":{"rendered":"http:\/\/kerygma.org.mt\/?page_id=1646"},"modified":"2014-10-20T22:43:18","modified_gmt":"2014-10-20T20:43:18","slug":"prayer-cafe","status":"publish","type":"page","link":"https:\/\/kerygma.org.mt\/mt\/ferghat\/prayer-cafe\/","title":{"rendered":"Prayer Caf\u00e9"},"content":{"rendered":"<p style=\"text-align: justify;\">\u00a0PRAYER CAF\u00c9 hija inizzjattiva organizzata mill-Moviment Ker\u0177gma. Laqg\u0127at g\u0127al adulti, koppji u \u017cg\u0127a\u017cag\u0127 kull nhar ta\u2019 \u0120img\u0127a fi\u010b-\u010aentru tal-Ker\u0177gma, Kunvent tal-Patrijiet Dumnikani, Rabat. Jibdew fis-7.00pm sat-8.00pm.<\/p>\n<p style=\"text-align: justify;\">Il-laqg\u0127at jibdew billi flimkien nie\u0127du tazza kaf\u00e9 u xi \u0127a\u0121a \u017cg\u0127ira tal-\u0127elu, jinqara l-qari tal-Van\u0121elu tal-\u0126add li jmiss bl-g\u0127ajnuna ta\u2019 <i>slide shows<\/i>, isir \u0127sieb prin\u010bipali mid-Direttur Spiritwali tal-Moviment, Fr. Charles Fenech O.P. fejn waqt li jispjega a\u0127jar il-Van\u0121elu, jg\u0127inna napplikawh g\u0127all-\u0127ajja tag\u0127na ta\u2019 kuljum. Wara tinfeta\u0127 diskussjoni. Il-laqg\u0127a ting\u0127alaq b\u2019xi rakkont ta\u2019 storja b\u2019tag\u0127lima marbuta mas-su\u0121\u0121ett tal-\u0121urnata jew riflessjoni u wara jsir talb spontanju mill-membri.<\/p>\n<p style=\"text-align: justify;\">F\u2019din is-sieg\u0127a kul\u0127add huwa mistieden biex waqt li nikkalmaw wara \u0121img\u0127a xog\u0127ol, nircievu tag\u0127lim, sa\u0127\u0127a spiritwali u ning\u0127aqdu flimkien biex ninbnew b\u0127ala dixxipli veri ta\u2019 Kristu u nag\u0127rfu nag\u0127tu xiehda ta\u2019 dan fil-\u0127ajja personali tag\u0127na.<\/p>\n<p style=\"text-align: center;\"><a href=\"http:\/\/kerygma.org.mt\/wp-content\/uploads\/2013\/09\/PRAYER-CAFE_2.jpg\"><img decoding=\"async\" loading=\"lazy\" class=\"size-full wp-image-1643 aligncenter\" style=\"margin: 10px;\" src=\"http:\/\/kerygma.org.mt\/wp-content\/uploads\/2013\/09\/PRAYER-CAFE_2.jpg\" alt=\"PRAYER CAFE_2\" width=\"800\" height=\"600\" srcset=\"https:\/\/kerygma.org.mt\/wp-content\/uploads\/2013\/09\/PRAYER-CAFE_2.jpg 800w, https:\/\/kerygma.org.mt\/wp-content\/uploads\/2013\/09\/PRAYER-CAFE_2-300x225.jpg 300w\" sizes=\"(max-width: 800px) 100vw, 800px\" \/><\/a><\/p>\n ","protected":false},"excerpt":{"rendered":"<p>\u00a0PRAYER CAF\u00c9 hija inizzjattiva organizzata mill-Moviment Ker\u0177gma. Laqg\u0127at g\u0127al adulti, koppji u \u017cg\u0127a\u017cag\u0127 kull nhar ta\u2019 \u0120img\u0127a fi\u010b-\u010aentru tal-Ker\u0177gma, Kunvent tal-Patrijiet Dumnikani, Rabat. Jibdew fis-7.00pm sat-8.00pm. Il-laqg\u0127at jibdew billi flimkien <\/p>\n","protected":false},"author":1,"featured_media":1780,"parent":1634,"menu_order":0,"comment_status":"open","ping_status":"open","template":"","meta":{"footnotes":""},"_links":{"self":[{"href":"https:\/\/kerygma.org.mt\/mt\/wp-json\/wp\/v2\/pages\/1646"}],"collection":[{"href":"https:\/\/kerygma.org.mt\/mt\/wp-json\/wp\/v2\/pages"}],"about":[{"href":"https:\/\/kerygma.org.mt\/mt\/wp-json\/wp\/v2\/types\/page"}],"author":[{"embeddable":true,"href":"https:\/\/kerygma.org.mt\/mt\/wp-json\/wp\/v2\/users\/1"}],"replies":[{"embeddable":true,"href":"https:\/\/kerygma.org.mt\/mt\/wp-json\/wp\/v2\/comments?post=1646"}],"version-history":[{"count":7,"href":"https:\/\/kerygma.org.mt\/mt\/wp-json\/wp\/v2\/pages\/1646\/revisions"}],"predecessor-version":[{"id":3403,"href":"https:\/\/kerygma.org.mt\/mt\/wp-json\/wp\/v2\/pages\/1646\/revisions\/3403"}],"up":[{"embeddable":true,"href":"https:\/\/kerygma.org.mt\/mt\/wp-json\/wp\/v2\/pages\/1634"}],"wp:featuredmedia":[{"embeddable":true,"href":"https:\/\/kerygma.org.mt\/mt\/wp-json\/wp\/v2\/media\/1780"}],"wp:attachment":[{"href":"https:\/\/kerygma.org.mt\/mt\/wp-json\/wp\/v2\/media?parent=1646"}],"curies":[{"name":"wp","href":"https:\/\/api.w.org\/{rel}","templated":true}]}}