{"id":1652,"date":"2013-09-14T20:37:00","date_gmt":"2013-09-14T18:37:00","guid":{"rendered":"http:\/\/kerygma.org.mt\/?page_id=1652"},"modified":"2013-09-18T22:42:19","modified_gmt":"2013-09-18T20:42:19","slug":"kids-4-jesus","status":"publish","type":"page","link":"https:\/\/kerygma.org.mt\/mt\/ferghat\/kids-4-jesus\/","title":{"rendered":"Kids 4 Jesus"},"content":{"rendered":"<p style=\"text-align: center;\"><a href=\"http:\/\/kerygma.org.mt\/wp-content\/uploads\/2013\/09\/K4J.jpg\"><img decoding=\"async\" loading=\"lazy\" class=\"aligncenter  wp-image-1650\" alt=\"K4J\" src=\"http:\/\/kerygma.org.mt\/wp-content\/uploads\/2013\/09\/K4J.jpg\" width=\"360\" height=\"254\" srcset=\"https:\/\/kerygma.org.mt\/wp-content\/uploads\/2013\/09\/K4J.jpg 600w, https:\/\/kerygma.org.mt\/wp-content\/uploads\/2013\/09\/K4J-300x211.jpg 300w\" sizes=\"(max-width: 360px) 100vw, 360px\" \/><\/a><\/p>\n<p><span style=\"font-size: medium;\"><span style=\"color: #000000;\"><span style=\"font-family: Calibri;\">Il-grupp l-Kids 4 Jesus hu parti mill-Moviment Kerygma.\u00a0 F\u2019Kids 4 Jesus, a\u0127na t-tfal ta\u2019 bejn 5 u 10 snin, niltaqg\u0127u flimkien biex insiru nafu iktar dwar \u0120esu u nsiru n\u0127obbuh iktar.\u00a0 Niltaqg\u0127u kull nhar ta\u2019 \u0120img\u0127a bejn is-7pm u t-8pm fi\u010b-\u010aentru Kulturali Kerygma, ir-Rabat.\u00a0 Il-laqg\u0127at ivarjaw minn diskussjonijiet, videos, stejjer, kant, tpin\u0121ijiet, krafts u talb flimkien.\u00a0 Ikollna wkoll mumenti fejn insiru nafu iktar lil xulxin u nikbru flimkien , kif ukoll sorpri\u017ci o\u0127ra. <\/span><\/span><\/span><\/p>\n<p><span style=\"font-size: medium;\"><span style=\"color: #000000;\"><span style=\"font-family: Calibri;\">Jekk tixtieq tkun mag\u0127na, nistidnuk biex ti\u0121i nhar il-\u0120img\u0127a fis-7pm! <\/span><\/span><\/span><\/p>\n<p style=\"text-align: center;\"><a href=\"http:\/\/kerygma.org.mt\/wp-content\/uploads\/2013\/09\/Smiley_svg.png\"><img decoding=\"async\" loading=\"lazy\" class=\"aligncenter  wp-image-1800\" alt=\"Smiley_svg\" src=\"http:\/\/kerygma.org.mt\/wp-content\/uploads\/2013\/09\/Smiley_svg.png\" width=\"108\" height=\"108\" \/><\/a><\/p>\n<p style=\"text-align: left;\" align=\"center\"><strong>Mission statement\u00a0<\/strong><\/p>\n<ol>\n<li>A\u0127na t-tfal ilkoll spe\u010bjali!\u00a0 Insiru iktar spe\u010bjali meta nkunu \u0127bieb ta\u2019 \u0120esu u nsiru nafu iktar dwaru.<\/li>\n<li>B\u0127alissa a\u0127na qed nibnu l-karattru tag\u0127na u f\u2019K4J qed niskopru kwalitajiet tajbin biex nikbru f\u2019persuni s\u0127a\u0127 u fer\u0127anin.<\/li>\n<li>F\u2019K4J nitg\u0127allmu kif dawn il-kwalitajiet sbie\u0127 nistg\u0127u nipprattikawhom fl-ambjenti kollha tag\u0127na: id-dar, l-iskola u kull fejn inkunu.<\/li>\n<li>Dawn il-virtujiet ma jfissrux biss li nag\u0127mlu xi \u0127a\u0121a tajba, imma li nag\u0127tu l-a\u0127jar tag\u0127na nfusna.<\/li>\n<li>F\u2019K4J nemmnu li waqt li nkunu qed nipprattikaw dawn il-virtujiet, qed in\u0127allu effett fuq il-familja tag\u0127na, fuq s\u0127abna u kull fejn inkunu. Lilna t-tfal, \u0120esu jag\u0127tina grazzji spe\u010bjali waqt li nkunu qed niffurmaw il-karattru tag\u0127na.<\/li>\n<li>Meta nkunu mdawwrin b\u2019messa\u0121\u0121i po\u017cittivi u meta ning\u0127ataw g\u0127ajnuna kif se niskopru u nipprattikaw dawn il-virtujiet, se nersqu iktar qrib \u0120esu u nibnu l-karattru tag\u0127na ibba\u017cat fuq l-im\u0127abba.<\/li>\n<\/ol>\n ","protected":false},"excerpt":{"rendered":"<p>Il-grupp l-Kids 4 Jesus hu parti mill-Moviment Kerygma.\u00a0 F\u2019Kids 4 Jesus, a\u0127na t-tfal ta\u2019 bejn 5 u 10 snin, niltaqg\u0127u flimkien biex insiru nafu iktar dwar \u0120esu u nsiru n\u0127obbuh <\/p>\n","protected":false},"author":1,"featured_media":0,"parent":1634,"menu_order":0,"comment_status":"open","ping_status":"open","template":"","meta":{"footnotes":""},"_links":{"self":[{"href":"https:\/\/kerygma.org.mt\/mt\/wp-json\/wp\/v2\/pages\/1652"}],"collection":[{"href":"https:\/\/kerygma.org.mt\/mt\/wp-json\/wp\/v2\/pages"}],"about":[{"href":"https:\/\/kerygma.org.mt\/mt\/wp-json\/wp\/v2\/types\/page"}],"author":[{"embeddable":true,"href":"https:\/\/kerygma.org.mt\/mt\/wp-json\/wp\/v2\/users\/1"}],"replies":[{"embeddable":true,"href":"https:\/\/kerygma.org.mt\/mt\/wp-json\/wp\/v2\/comments?post=1652"}],"version-history":[{"count":19,"href":"https:\/\/kerygma.org.mt\/mt\/wp-json\/wp\/v2\/pages\/1652\/revisions"}],"predecessor-version":[{"id":1806,"href":"https:\/\/kerygma.org.mt\/mt\/wp-json\/wp\/v2\/pages\/1652\/revisions\/1806"}],"up":[{"embeddable":true,"href":"https:\/\/kerygma.org.mt\/mt\/wp-json\/wp\/v2\/pages\/1634"}],"wp:attachment":[{"href":"https:\/\/kerygma.org.mt\/mt\/wp-json\/wp\/v2\/media?parent=1652"}],"curies":[{"name":"wp","href":"https:\/\/api.w.org\/{rel}","templated":true}]}}